{"id":9,"date":"2019-09-05T16:28:12","date_gmt":"2019-09-05T14:28:12","guid":{"rendered":"http:\/\/www.herculesfs.com\/?page_id=9"},"modified":"2019-09-05T17:41:35","modified_gmt":"2019-09-05T15:41:35","slug":"saludo-presidente","status":"publish","type":"page","link":"https:\/\/www.herculesfs.com\/index.php\/saludo-presidente\/","title":{"rendered":"Saludo del presidente"},"content":{"rendered":"<p style='margin: 0px 0px 1.5em; padding: 0px; outline: 0px; border: 0px currentColor; border-image: none; color: rgb(102, 102, 102); text-transform: none; text-indent: 0px; letter-spacing: normal; font-family: \"Source Sans Pro\", \"Helvetica Neue\", Helvetica, Arial, sans-serif; font-size: 14px; font-style: normal; font-weight: 400; word-spacing: 0px; vertical-align: baseline; white-space: normal; orphans: 2; widows: 2; background-color: rgb(255, 255, 255); overflow-wrap: break-word; font-variant-ligatures: normal; font-variant-caps: normal; -webkit-text-stroke-width: 0px; text-decoration-style: initial; text-decoration-color: initial;'>Hola,<\/p>\n<p style='margin: 0px 0px 1.5em; padding: 0px; outline: 0px; border: 0px currentColor; border-image: none; color: rgb(102, 102, 102); text-transform: none; text-indent: 0px; letter-spacing: normal; font-family: \"Source Sans Pro\", \"Helvetica Neue\", Helvetica, Arial, sans-serif; font-size: 14px; font-style: normal; font-weight: 400; word-spacing: 0px; vertical-align: baseline; white-space: normal; orphans: 2; widows: 2; background-color: rgb(255, 255, 255); overflow-wrap: break-word; font-variant-ligatures: normal; font-variant-caps: normal; -webkit-text-stroke-width: 0px; text-decoration-style: initial; text-decoration-color: initial;'>Cuando en 1999 fundamos este club, no pod\u00eda imaginar a d\u00f3nde llegar\u00edamos. Ten\u00eda claro que quer\u00eda ense\u00f1ar a los ni\u00f1os a jugar al f\u00fatbol-sala con la misma pasi\u00f3n con la que yo lo viv\u00eda. Despu\u00e9s de tantos a\u00f1os, y con el premio al <strong>\u201cMejor club gallego\u201d en 2014<\/strong> por su trayectoria y labor en favor del f\u00fatbol-sala, hemos logrado convertir&nbsp;el club en una gran familia.<\/p>\n<p style='margin: 0px 0px 1.5em; padding: 0px; outline: 0px; border: 0px currentColor; border-image: none; color: rgb(102, 102, 102); text-transform: none; text-indent: 0px; letter-spacing: normal; font-family: \"Source Sans Pro\", \"Helvetica Neue\", Helvetica, Arial, sans-serif; font-size: 14px; font-style: normal; font-weight: 400; word-spacing: 0px; vertical-align: baseline; white-space: normal; orphans: 2; widows: 2; background-color: rgb(255, 255, 255); overflow-wrap: break-word; font-variant-ligatures: normal; font-variant-caps: normal; -webkit-text-stroke-width: 0px; text-decoration-style: initial; text-decoration-color: initial;'>Desde aqu\u00ed quiero daros las gracias a todos los jugadores que lo hab\u00e9is hecho posible, pero tambi\u00e9n a los padres y madres, a los patrocinadores y a todos los colaboradores que nos han apoyado para lograr llegar hasta aqu\u00ed. Muchas gracias a todos y todas por vuestro esfuerzo, vuestros apoyos y vuestros sacrificios para que todos estos ni\u00f1os hayan disfrutado y aprendido durante estos a\u00f1os.<\/p>\n<p style='margin: 0px 0px 1.5em; padding: 0px; outline: 0px; border: 0px currentColor; border-image: none; color: rgb(102, 102, 102); text-transform: none; text-indent: 0px; letter-spacing: normal; font-family: \"Source Sans Pro\", \"Helvetica Neue\", Helvetica, Arial, sans-serif; font-size: 14px; font-style: normal; font-weight: 400; word-spacing: 0px; vertical-align: baseline; white-space: normal; orphans: 2; widows: 2; background-color: rgb(255, 255, 255); overflow-wrap: break-word; font-variant-ligatures: normal; font-variant-caps: normal; -webkit-text-stroke-width: 0px; text-decoration-style: initial; text-decoration-color: initial;'>Un saludo y <strong>\u00a1Forza H\u00e9rcules!<\/strong><\/p>\n\n\n<div class=\"wp-block-image\"><figure class=\"aligncenter\"><img loading=\"lazy\" decoding=\"async\" width=\"106\" height=\"137\" src=\"http:\/\/www.herculesfs.com\/wp-content\/uploads\/2019\/09\/Presidente.jpg\" alt=\"Presidente\" class=\"wp-image-51\" srcset=\"https:\/\/www.herculesfs.com\/wp-content\/uploads\/2019\/09\/Presidente.jpg 106w, https:\/\/www.herculesfs.com\/wp-content\/uploads\/2019\/09\/Presidente-1x1.jpg 1w\" sizes=\"auto, (max-width: 106px) 100vw, 106px\" \/><\/figure><\/div>\n\n\n\n<p style=\"text-align:center\">Juan Carlos Esparza Fern\u00e1ndez<\/p>\n\n\n\n<p style=\"text-align:center\"><strong>Presidente<\/strong><\/p>\n","protected":false},"excerpt":{"rendered":"<p>Hola, Cuando en 1999 fundamos este club, no pod\u00eda imaginar a d\u00f3nde llegar\u00edamos. Ten\u00eda claro que quer\u00eda ense\u00f1ar a los ni\u00f1os a jugar al f\u00fatbol-sala con la misma pasi\u00f3n con la que yo lo viv\u00eda. Despu\u00e9s de tantos a\u00f1os, y con el premio al \u201cMejor club gallego\u201d en 2014 por su trayectoria y labor en [&hellip;]<\/p>\n","protected":false},"author":1,"featured_media":0,"parent":0,"menu_order":0,"comment_status":"closed","ping_status":"closed","template":"","meta":{"footnotes":""},"class_list":["post-9","page","type-page","status-publish","hentry"],"_links":{"self":[{"href":"https:\/\/www.herculesfs.com\/index.php\/wp-json\/wp\/v2\/pages\/9","targetHints":{"allow":["GET"]}}],"collection":[{"href":"https:\/\/www.herculesfs.com\/index.php\/wp-json\/wp\/v2\/pages"}],"about":[{"href":"https:\/\/www.herculesfs.com\/index.php\/wp-json\/wp\/v2\/types\/page"}],"author":[{"embeddable":true,"href":"https:\/\/www.herculesfs.com\/index.php\/wp-json\/wp\/v2\/users\/1"}],"replies":[{"embeddable":true,"href":"https:\/\/www.herculesfs.com\/index.php\/wp-json\/wp\/v2\/comments?post=9"}],"version-history":[{"count":4,"href":"https:\/\/www.herculesfs.com\/index.php\/wp-json\/wp\/v2\/pages\/9\/revisions"}],"predecessor-version":[{"id":53,"href":"https:\/\/www.herculesfs.com\/index.php\/wp-json\/wp\/v2\/pages\/9\/revisions\/53"}],"wp:attachment":[{"href":"https:\/\/www.herculesfs.com\/index.php\/wp-json\/wp\/v2\/media?parent=9"}],"curies":[{"name":"wp","href":"https:\/\/api.w.org\/{rel}","templated":true}]}}