{"id":76,"date":"2019-09-07T11:15:24","date_gmt":"2019-09-07T09:15:24","guid":{"rendered":"http:\/\/www.herculesfs.com\/?page_id=76"},"modified":"2019-09-07T13:01:52","modified_gmt":"2019-09-07T11:01:52","slug":"equipos","status":"publish","type":"page","link":"https:\/\/www.herculesfs.com\/index.php\/equipos\/","title":{"rendered":"Equipos"},"content":{"rendered":"\n<p>En esta temporada 2019\/2020, contamos con los siguientes equipos por categor\u00eda:<\/p>\n\n\n\n<ul class=\"wp-block-list\"><li><strong><a href=\"http:\/\/www.herculesfs.com\/index.php\/equipos\/juvenil-a\/\">Juvenil A<\/a><\/strong><a href=\"http:\/\/www.herculesfs.com\/index.php\/equipos\/juvenil-a\/\"> (liga provincial)<\/a><\/li><li><strong><a href=\"http:\/\/www.herculesfs.com\/index.php\/equipos\/juvenil-b\/\">Juvenil B<\/a><\/strong><a href=\"http:\/\/www.herculesfs.com\/index.php\/equipos\/juvenil-b\/\"> (liga provincial)<\/a><\/li><li><strong><a href=\"http:\/\/www.herculesfs.com\/index.php\/equipos\/cadete\/\">Cadete<\/a><\/strong><a href=\"http:\/\/www.herculesfs.com\/index.php\/equipos\/cadete\/\"> (liga gallega)<\/a><\/li><li><strong><a href=\"http:\/\/www.herculesfs.com\/index.php\/infantil-a\/\">Infantil A<\/a><\/strong><a href=\"http:\/\/www.herculesfs.com\/index.php\/infantil-a\/\"> (liga gallega)<\/a><\/li><li><strong><a href=\"http:\/\/www.herculesfs.com\/index.php\/infantil-b\/\">Infantil B<\/a><\/strong><a href=\"http:\/\/www.herculesfs.com\/index.php\/infantil-b\/\"> (liga provincial)<\/a><\/li><li><strong><a href=\"http:\/\/www.herculesfs.com\/index.php\/alevin-a\/\">Alev\u00edn A<\/a><\/strong><a href=\"http:\/\/www.herculesfs.com\/index.php\/alevin-a\/\"> (liga gallega)<\/a><\/li><li><strong><a href=\"http:\/\/www.herculesfs.com\/index.php\/alevin-b\/\">Alev\u00edn B<\/a><\/strong><a href=\"http:\/\/www.herculesfs.com\/index.php\/alevin-b\/\"> (liga provincial)<\/a><\/li><li><strong><a href=\"http:\/\/www.herculesfs.com\/index.php\/equipos\/benjamin-a\/\">Benjam\u00edn A<\/a><\/strong><a href=\"http:\/\/www.herculesfs.com\/index.php\/equipos\/benjamin-a\/\"> (liga local)<\/a><\/li><li><strong><a href=\"http:\/\/www.herculesfs.com\/index.php\/equipos\/benjamin-b\/\">Benjam\u00edn B<\/a><\/strong><a href=\"http:\/\/www.herculesfs.com\/index.php\/equipos\/benjamin-b\/\"> (liga local)<\/a><\/li><\/ul>\n\n\n\n<p><\/p>\n","protected":false},"excerpt":{"rendered":"<p>En esta temporada 2019\/2020, contamos con los siguientes equipos por categor\u00eda: Juvenil A (liga provincial) Juvenil B (liga provincial) Cadete (liga gallega) Infantil A (liga gallega) Infantil B (liga provincial) Alev\u00edn A (liga gallega) Alev\u00edn B (liga provincial) Benjam\u00edn A (liga local) Benjam\u00edn B (liga local)<\/p>\n","protected":false},"author":1,"featured_media":0,"parent":0,"menu_order":0,"comment_status":"closed","ping_status":"closed","template":"","meta":{"footnotes":""},"class_list":["post-76","page","type-page","status-publish","hentry"],"_links":{"self":[{"href":"https:\/\/www.herculesfs.com\/index.php\/wp-json\/wp\/v2\/pages\/76","targetHints":{"allow":["GET"]}}],"collection":[{"href":"https:\/\/www.herculesfs.com\/index.php\/wp-json\/wp\/v2\/pages"}],"about":[{"href":"https:\/\/www.herculesfs.com\/index.php\/wp-json\/wp\/v2\/types\/page"}],"author":[{"embeddable":true,"href":"https:\/\/www.herculesfs.com\/index.php\/wp-json\/wp\/v2\/users\/1"}],"replies":[{"embeddable":true,"href":"https:\/\/www.herculesfs.com\/index.php\/wp-json\/wp\/v2\/comments?post=76"}],"version-history":[{"count":9,"href":"https:\/\/www.herculesfs.com\/index.php\/wp-json\/wp\/v2\/pages\/76\/revisions"}],"predecessor-version":[{"id":127,"href":"https:\/\/www.herculesfs.com\/index.php\/wp-json\/wp\/v2\/pages\/76\/revisions\/127"}],"wp:attachment":[{"href":"https:\/\/www.herculesfs.com\/index.php\/wp-json\/wp\/v2\/media?parent=76"}],"curies":[{"name":"wp","href":"https:\/\/api.w.org\/{rel}","templated":true}]}}