{"id":10,"date":"2019-09-05T16:28:12","date_gmt":"2019-09-05T14:28:12","guid":{"rendered":"http:\/\/www.herculesfs.com\/?page_id=10"},"modified":"2019-09-06T12:13:40","modified_gmt":"2019-09-06T10:13:40","slug":"contacto","status":"publish","type":"page","link":"https:\/\/www.herculesfs.com\/index.php\/contacto\/","title":{"rendered":"Contacto"},"content":{"rendered":"<p>Puedes contactar con nosotros de diversas maneras :<\/p>\n<p><strong>Direcci\u00f3n<\/strong><\/p>\n<p>Calle Torre, 106-108, A Coru\u00f1a, 15002, A Coru\u00f1a<\/p>\n<p><strong>Tel\u00e9fono<\/strong><\/p>\n<p>625 03 51 73<\/p>\n<p><strong>Email<\/strong><\/p>\n<p>c a m p u s h e r c u l e s f s @ g m a i l . c o m<\/p>\n","protected":false},"excerpt":{"rendered":"<p>Puedes contactar con nosotros de diversas maneras : Direcci\u00f3n Calle Torre, 106-108, A Coru\u00f1a, 15002, A Coru\u00f1a Tel\u00e9fono 625 03 51 73 Email c a m p u s h e r c u l e s f s @ g m a i l . c o m<\/p>\n","protected":false},"author":1,"featured_media":0,"parent":0,"menu_order":0,"comment_status":"closed","ping_status":"closed","template":"","meta":{"footnotes":""},"class_list":["post-10","page","type-page","status-publish","hentry"],"_links":{"self":[{"href":"https:\/\/www.herculesfs.com\/index.php\/wp-json\/wp\/v2\/pages\/10","targetHints":{"allow":["GET"]}}],"collection":[{"href":"https:\/\/www.herculesfs.com\/index.php\/wp-json\/wp\/v2\/pages"}],"about":[{"href":"https:\/\/www.herculesfs.com\/index.php\/wp-json\/wp\/v2\/types\/page"}],"author":[{"embeddable":true,"href":"https:\/\/www.herculesfs.com\/index.php\/wp-json\/wp\/v2\/users\/1"}],"replies":[{"embeddable":true,"href":"https:\/\/www.herculesfs.com\/index.php\/wp-json\/wp\/v2\/comments?post=10"}],"version-history":[{"count":2,"href":"https:\/\/www.herculesfs.com\/index.php\/wp-json\/wp\/v2\/pages\/10\/revisions"}],"predecessor-version":[{"id":60,"href":"https:\/\/www.herculesfs.com\/index.php\/wp-json\/wp\/v2\/pages\/10\/revisions\/60"}],"wp:attachment":[{"href":"https:\/\/www.herculesfs.com\/index.php\/wp-json\/wp\/v2\/media?parent=10"}],"curies":[{"name":"wp","href":"https:\/\/api.w.org\/{rel}","templated":true}]}}